{"id":465,"date":"2018-10-01T21:42:34","date_gmt":"2018-10-01T21:42:34","guid":{"rendered":"https:\/\/www.solucionesentelequia.com.mx\/?page_id=465"},"modified":"2019-11-06T19:12:56","modified_gmt":"2019-11-06T19:12:56","slug":"servicios","status":"publish","type":"page","link":"https:\/\/www.solucionesentelequia.com.mx\/en\/servicios\/","title":{"rendered":"Our Services"},"content":{"rendered":"<div class=\"servicios-container\">\n<div class=\"infolink\" id=\"redes\"><img decoding=\"async\" src=\"https:\/\/www.solucionesentelequia.com.mx\/wp-content\/uploads\/2019\/07\/redes-blanco-01.png\" \/>Cable management<\/div>\n<div class=\"infocon\" id=\"cableado\">\n<p>Structured cabling integrates a variety of services that will meet your expectations of a network company, get from design, implementation of your voice cabling infrastructure, data and video cabling infrastructure, coordination of your project, as well as analysis and performance testing of your network.<\/p>\n<\/div>\n<div class=\"infolink\" id=\"cctv\"><img decoding=\"async\" src=\"https:\/\/www.solucionesentelequia.com.mx\/wp-content\/uploads\/2019\/07\/video-vigilancia-blanco-01.png\" \/>Video surveillance<\/div>\n<div class=\"infocon\">\n<p>This type of technology can not be absent in any company, home or office. A Closed Circuit TV system allows you to monitor and record daily any movement or physical activity that takes place throughout the day, whether it be within a commercial location, company, home, residential complex or any other area where the proper use of this equipment is required.<\/p>\n<\/div>\n<div class=\"infolink\" id=\"control\"><img decoding=\"async\" src=\"https:\/\/www.solucionesentelequia.com.mx\/wp-content\/uploads\/2019\/07\/control-acceso-blanco-01.png\" \/>Access control<\/div>\n<div class=\"infocon\" id=\"acceso\">\n<p>An access control system is an ideal solution for comprehensive management of your access and greater security in your facilities, assets and personnel.<\/p>\n<p>Systems to restrict, control or manage personnel control and security of their work areas through centralized systems or isolated systems with access by biometric or numerical systems.<\/p>\n<p>We also offer checking clocks to control the attendance of your staff as to have control of personnel entering certain areas of your company.<\/p>\n<p>We offer:<\/p>\n<ul>\n<li><span>Sale<\/span><\/li>\n<li><span>Installation.<\/span><\/li>\n<li><span>Maintenance<\/span><\/li>\n<li><span>Contracts<\/span><\/li>\n<\/ul>\n<\/div>\n<div class=\"infolink\" id=\"outsourcing\"><img decoding=\"async\" src=\"https:\/\/www.solucionesentelequia.com.mx\/wp-content\/uploads\/2019\/07\/outsourcing-blanco-01.png\" \/>Outsourcing<\/div>\n<div class=\"infocon\" id=\"out\">\n<p>We offer technical staff capable of providing permanent and quality support in the administration of networks and systems.<\/p>\n<p>Our staff is composed of technical specialists, engineers and consultants, trained to provide microcomputer support to their clients.<\/p>\n<p>Assistance and HelpDesk services are offered either remotely (exclusive or mutualized) or with personnel displaced in the client's facilities.<\/p>\n<p>The execution of support services for on-site users will be based on a centralized service model that operates as the \"Single Centralized Point of Contact\" that ensures access to other services and the interrelation of the various communities of users and agents involved.<\/p>\n<p>Administration of networks and systems.<\/p>\n<p>Application development teams.<\/p>\n<p>Microcomputer support<\/p>\n<p>User support.<\/p>\n<p>Support to users on site.<\/p>\n<p>The service process is based on the ITIL system that is the best in service management, guaranteeing total satisfaction.<\/p>\n<p>This service is based on a complete training by technicians in the most common technologies in the client's computer systems and consists of the following points.<\/p>\n<p>Incident treatment (breakdowns) according to priority and action protocol.<\/p>\n<p>Remote diagnosis.<\/p>\n<p>Remote solution and restitution of the operation.<\/p>\n<p>Scaling to on-site level 2 or third-party support teams.<\/p>\n<p>Scaled to 3rd level in case of difficulty in diagnosis or resolution.<br \/>\nDetection and communication of problems.<\/p>\n<p>Remember that you have the guarantee to work with the person who is the one indicated for your needs and we can improve it when you are not satisfied or if you need more services or a different profile. Our employees are guaranteed as personnel with values, ethics and legality.<\/p>\n<\/div>\n<div class=\"infolink\" id=\"soporte\"><img decoding=\"async\" src=\"https:\/\/www.solucionesentelequia.com.mx\/wp-content\/uploads\/2019\/07\/soporte-blanco-01.png\" \/>Support engineering<\/div>\n<div class=\"infocon\" id=\"ingenieria\">\n<p>Preventive maintenance to computers<\/p>\n<p>The state is verified to keep our computer running as satisfactorily as possible and avoid a lot of problems.<\/p>\n<p>Corrective maintenance to computers<\/p>\n<p>This proceeds when a fault occurs, once the problem is diagnosed, a way to solve it is sought.<\/p>\n<p>Do you have problems with your computer?<\/p>\n<p>It is very slow.<\/p>\n<p>Infected with virus.<\/p>\n<p>You are interested in restricting Internet sites.<\/p>\n<p>Take care of your information:<\/p>\n<p>Computer viruses.<\/p>\n<ul>\n<li><span>Technical failure in Hard Disk.<\/span><\/li>\n<li><span>Failure in Operating System.<\/span><\/li>\n<li><span>Server failure.<\/span><\/li>\n<li><span>Natural disaster.<\/span><\/li>\n<li><span>Computer Attack<\/span><\/li>\n<li><span>Our main services:<\/span><\/li>\n<li><span>Installation of antivirus.<\/span><\/li>\n<li><span>Formatting computers.<\/span><\/li>\n<li><span>File recovery.<\/span><\/li>\n<li><span>Cloning of discs.<\/span><\/li>\n<li><span>Correction to computers infected by viruses.<\/span><\/li>\n<li><span>Software installation.<\/span><\/li>\n<li><span>Computer repair.<\/span><\/li>\n<\/ul>\n<\/div>\n<div class=\"infolink\" id=\"alarma\"><img decoding=\"async\" src=\"https:\/\/www.solucionesentelequia.com.mx\/wp-content\/uploads\/2019\/07\/alarma-incendio-blanco-01.png\" \/>Fire alarms<\/div>\n<div class=\"infocon\" id=\"alarmas\">\n<p>Fire systems allow you to be aware of incidents that could cause a fire or explosion.<\/p>\n<p>The consequences of a fire can range from a simple \"scare\" to the loss of an organization or company.<\/p>\n<p>This type of system allows you to insure your installations and personnel by having the possibility of detecting a fire.<\/p>\n<p>We guarantee and provide all the equipment to have the best fire detection system, at the best market price.<\/p>\n<p>Systems tailored to your needs and the size of your growth.<\/p>\n<\/div>\n<div class=\"infolink\" id=\"telefonia\"><img decoding=\"async\" src=\"https:\/\/www.solucionesentelequia.com.mx\/wp-content\/uploads\/2019\/07\/telefonia-blanco-01.png\" \/>Telephone switches<\/div>\n<div class=\"infocon\" id=\"conmutadores\">\n<p>Telephone switch solutions integrating traditional systems with new IP or Voip systems that help you save on calls, links with typical providers or options with super costs, take advantage of the Internet and many types of solutions that we integrate for you and your current needs.<\/p>\n<p>We have extensive experience in telephone switch solutions for Micro, Small, Medium and Large Companies.<\/p>\n<p>We offer:<\/p>\n<ul>\n<li><span>Sale<\/span><\/li>\n<li><span>Installation.<\/span><\/li>\n<li><span>Maintenance<\/span><\/li>\n<li><span>Contracts<\/span><\/li>\n<\/ul>\n<p>We are sure that the professionalism of our services and our affordable prices will offer you a superior value that will allow us to be part of the Telephone Switchers solution you are waiting for, but we also offer a satisfaction guarantee.<\/p>\n<\/div>\n<div class=\"infolink\" id=\"enlaces\"><img decoding=\"async\" src=\"https:\/\/www.solucionesentelequia.com.mx\/wp-content\/uploads\/2019\/07\/enlaces-empresariales-enlaces-01.png\" \/>Business links<\/div>\n<div class=\"infocon\" id=\"empresariales\">\n<p>If you are considering connecting your computer and communications equipment to a central site from which you can manage them, link your dispersed communications centers in your geographic area or provide high-speed services to your desktop computers, we have experience in the design and implementation of fiber and cable infrastructure that will successfully meet all your voice, data and video demands.<\/p>\n<p>Networks<\/p>\n<ul>\n<li><span>LAN and WAN networks.<\/span><\/li>\n<li><span>Wireless Local Networks (WIFI)<\/span><\/li>\n<li><span>Wireless Metropolitan Networks.<\/span><\/li>\n<li><span>Public Networks<\/span><\/li>\n<li><span>Private Networks<\/span><\/li>\n<li><span>International link networks.<\/span><\/li>\n<li><span>Voltage Backup System.<\/span><\/li>\n<li><span>Security control and administration.<\/span><\/li>\n<\/ul>\n<p>LAN \/ WAN networks<\/p>\n<p>Having an adequate infrastructure that allows the exchange of information inside and outside your company is an important factor that will allow you to explore new business opportunities.<\/p>\n<p>We have the necessary experience to design, implement and manage any network infrastructure that is required by the company and the solution to provide digital link services by land or air, using providers such as Telmex and by air the facility that SCT gives us. to use free channels.<\/p>\n<\/div>\n<div class=\"infolink\" id=\"respaldo\"><img decoding=\"async\" src=\"https:\/\/www.solucionesentelequia.com.mx\/wp-content\/uploads\/2019\/07\/respaldo-datos-blanco-01.png\" \/>Backup system<\/div>\n<div class=\"infocon\" id=\"datos\">\n<p>Our integral solution consists of the following:<\/p>\n<p>Total risk analysis in terms of business continuity.<\/p>\n<p>We will give you several solutions for the protection of your information.<\/p>\n<p>We will put ALL the necessary hardware and software for your solution.<\/p>\n<p>Total monitoring of your backups and technical support 7x24x365.<\/p>\n<p>Benefits for the company:<\/p>\n<p>If your server suffers physical problems, you can operate in a matter of minutes, giving continuity to the business.<\/p>\n<p>Reduces operating expenses, accounts with additional support from IT people.<\/p>\n<p>Do not lose information. Therefore you do not lose money.<\/p>\n<p>Advantages:<\/p>\n<p>Reduction in downtime in your BCP \/ DRP plans at an excellent cost.<\/p>\n<p>Local and cloud virtualization. Important savings in its backup and virtualization processes, it is no longer necessary to invest in: Hardware, software, tapes, hard drives, etc. Man hours, new servers, laptops and PCs.<\/p>\n<p>Availability and Integrity of the information supported.<\/p>\n<p>Service with EVERYTHING included paying a comfortable monthly rent.<\/p>\n<p>Scalable architecture according to your needs.<\/p>\n<\/div>\n<div class=\"infolink\" id=\"energia\"><img decoding=\"async\" src=\"https:\/\/www.solucionesentelequia.com.mx\/wp-content\/uploads\/2019\/07\/respaldo-energia-blanco.png\" \/>Energy backup<\/div>\n<div class=\"infocon\" id=\"resp-energia\">\n<p>All businesses require security in our data, records, as well as in our infrastructure and means of communication and services or systems of work. The losses that can be made by not having a safe contingency plan or systems that restore us in time our services losses can be disastrous. But we have solutions tailored to prevent all kinds of disasters in your equipment and systems.<\/p>\n<p>Our services consist of sale and installation:<\/p>\n<ul>\n<li><span>Batteries and power regulators (UPS).<\/span><\/li>\n<li><span>Alternative power generators with natural gas or LP.<\/span><\/li>\n<li><span>Climate control systems for your site or rack.<\/span><\/li>\n<li><span>Interconnection of circuits to alternate voltage networks.<\/span><\/li>\n<li><span>Plans against disasters in writing.<\/span><\/li>\n<li><span>Equipment sale.<\/span><\/li>\n<li><span>Installation.<\/span><\/li>\n<li><span>Maintenance<\/span><\/li>\n<li><span>Spare parts.<\/span><\/li>\n<\/ul>\n<\/div>\n<div class=\"infolink\" id=\"voceo\"><img decoding=\"async\" src=\"https:\/\/www.solucionesentelequia.com.mx\/wp-content\/uploads\/2019\/07\/voceo-blanco-01.png\" \/>Paging system<\/div>\n<div class=\"infocon\" id=\"sist-voceo\">\n<p>We offer projects of ideal public address systems for industry, commerce and cooperatives. We work with the best brands in order to guarantee the best quality to our customers and with the best prices. Our professionalism and innovation are our hallmark in the market.<\/p>\n<p><strong>Advantages:<\/strong><\/p>\n<p>An environmental audio system can be integrated.<\/p>\n<p>We can configure pre-recorded messages.<\/p>\n<p>Maximum sound quality and fidelity.<\/p>\n<\/div>\n<\/div>","protected":false},"excerpt":{"rendered":"<p>Cableado estructurado El cableado estructurado integra una variedad de servicios que cumplir\u00e1n con sus expectativas de una empresa de redes, obtendr\u00e1 desde dise\u00f1o, implementaci\u00f3n de su infraestructura de cableado de voz, datos y v\u00eddeo, coordinaci\u00f3n de su proyecto, as\u00ed como el an\u00e1lisis y pruebas de desempe\u00f1o de su red. Video [&hellip;]<\/p>","protected":false},"author":1,"featured_media":0,"parent":0,"menu_order":0,"comment_status":"closed","ping_status":"closed","template":"","meta":{"footnotes":""},"class_list":["post-465","page","type-page","status-publish","hentry"],"jetpack_sharing_enabled":true,"_links":{"self":[{"href":"https:\/\/www.solucionesentelequia.com.mx\/en\/wp-json\/wp\/v2\/pages\/465","targetHints":{"allow":["GET"]}}],"collection":[{"href":"https:\/\/www.solucionesentelequia.com.mx\/en\/wp-json\/wp\/v2\/pages"}],"about":[{"href":"https:\/\/www.solucionesentelequia.com.mx\/en\/wp-json\/wp\/v2\/types\/page"}],"author":[{"embeddable":true,"href":"https:\/\/www.solucionesentelequia.com.mx\/en\/wp-json\/wp\/v2\/users\/1"}],"replies":[{"embeddable":true,"href":"https:\/\/www.solucionesentelequia.com.mx\/en\/wp-json\/wp\/v2\/comments?post=465"}],"version-history":[{"count":33,"href":"https:\/\/www.solucionesentelequia.com.mx\/en\/wp-json\/wp\/v2\/pages\/465\/revisions"}],"predecessor-version":[{"id":23849,"href":"https:\/\/www.solucionesentelequia.com.mx\/en\/wp-json\/wp\/v2\/pages\/465\/revisions\/23849"}],"wp:attachment":[{"href":"https:\/\/www.solucionesentelequia.com.mx\/en\/wp-json\/wp\/v2\/media?parent=465"}],"curies":[{"name":"wp","href":"https:\/\/api.w.org\/{rel}","templated":true}]}}