{"id":23889,"date":"2020-09-01T21:01:17","date_gmt":"2020-09-01T21:01:17","guid":{"rendered":"https:\/\/www.solucionesentelequia.com.mx\/?page_id=23889"},"modified":"2020-09-23T14:43:33","modified_gmt":"2020-09-23T14:43:33","slug":"respaldo-de-energia","status":"publish","type":"page","link":"https:\/\/www.solucionesentelequia.com.mx\/en\/respaldo-de-energia\/","title":{"rendered":"Energy backup"},"content":{"rendered":"<div data-elementor-type=\"wp-page\" data-elementor-id=\"23889\" class=\"elementor elementor-23889\">\n\t\t\t\t\t\t<section class=\"elementor-section elementor-top-section elementor-element elementor-element-be2faf4 elementor-section-stretched elementor-section-boxed elementor-section-height-default elementor-section-height-default\" data-id=\"be2faf4\" data-element_type=\"section\" data-e-type=\"section\" data-settings=\"{&quot;stretch_section&quot;:&quot;section-stretched&quot;}\">\n\t\t\t\t\t\t<div class=\"elementor-container elementor-column-gap-default\">\n\t\t\t\t\t<div class=\"elementor-column elementor-col-33 elementor-top-column elementor-element elementor-element-590a9e0 elementor-hidden-phone\" data-id=\"590a9e0\" data-element_type=\"column\" data-e-type=\"column\">\n\t\t\t<div class=\"elementor-widget-wrap elementor-element-populated\">\n\t\t\t\t\t\t<div class=\"elementor-element elementor-element-ac67083 elementor-widget elementor-widget-sidebar\" data-id=\"ac67083\" data-element_type=\"widget\" data-e-type=\"widget\" data-widget_type=\"sidebar.default\">\n\t\t\t\t<div class=\"elementor-widget-container\">\n\t\t\t\t\t<div id=\"nav_menu-2\" class=\"widget widget_nav_menu\"><div class=\"menu-menu-1-container\"><ul id=\"menu-menu-1\" class=\"menu\"><li id=\"menu-item-459\" class=\"menu-item menu-item-type-custom menu-item-object-custom menu-item-459\"><a href=\"https:\/\/www.solucionesentelequia.com.mx\/#inicio\">Home<\/a><\/li>\n<li id=\"menu-item-460\" class=\"menu-item menu-item-type-custom menu-item-object-custom menu-item-460\"><a href=\"https:\/\/www.solucionesentelequia.com.mx\/#nosotros\">About Us<\/a><\/li>\n<li id=\"menu-item-33\" class=\"menu-item menu-item-type-custom menu-item-object-custom menu-item-has-children menu-item-33\"><a href=\"https:\/\/www.solucionesentelequia.com.mx\/#servicios\">Our Services<\/a>\n<ul class=\"sub-menu\">\n\t<li id=\"menu-item-24008\" class=\"menu-item menu-item-type-post_type menu-item-object-page menu-item-24008\"><a href=\"https:\/\/www.solucionesentelequia.com.mx\/en\/cableado-estructurado\/\">Cable management<\/a><\/li>\n\t<li id=\"menu-item-23995\" class=\"menu-item menu-item-type-post_type menu-item-object-page menu-item-23995\"><a href=\"https:\/\/www.solucionesentelequia.com.mx\/en\/video-vigilancia\/\">Video surveillance<\/a><\/li>\n\t<li id=\"menu-item-23969\" class=\"menu-item menu-item-type-post_type menu-item-object-page menu-item-23969\"><a href=\"https:\/\/www.solucionesentelequia.com.mx\/en\/ingenieria-de-soporte\/\">Support engineering<\/a><\/li>\n\t<li id=\"menu-item-23965\" class=\"menu-item menu-item-type-post_type menu-item-object-page menu-item-23965\"><a href=\"https:\/\/www.solucionesentelequia.com.mx\/en\/control-de-acceso\/\">Access control<\/a><\/li>\n\t<li id=\"menu-item-23962\" class=\"menu-item menu-item-type-post_type menu-item-object-page menu-item-23962\"><a href=\"https:\/\/www.solucionesentelequia.com.mx\/en\/alarmas-contra-incendios\/\">Fire alarms<\/a><\/li>\n\t<li id=\"menu-item-23975\" class=\"menu-item menu-item-type-post_type menu-item-object-page menu-item-23975\"><a href=\"https:\/\/www.solucionesentelequia.com.mx\/en\/telefonia\/\">Telephone switches<\/a><\/li>\n\t<li id=\"menu-item-23967\" class=\"menu-item menu-item-type-post_type menu-item-object-page menu-item-23967\"><a href=\"https:\/\/www.solucionesentelequia.com.mx\/en\/enlaces-empresariales\/\">Business links<\/a><\/li>\n\t<li id=\"menu-item-23973\" class=\"menu-item menu-item-type-post_type menu-item-object-page menu-item-23973\"><a href=\"https:\/\/www.solucionesentelequia.com.mx\/en\/sistema-de-respaldo\/\">Backup system<\/a><\/li>\n\t<li id=\"menu-item-23971\" class=\"menu-item menu-item-type-post_type menu-item-object-page menu-item-23971\"><a href=\"https:\/\/www.solucionesentelequia.com.mx\/en\/respaldo-de-energia\/\">Energy backup<\/a><\/li>\n\t<li id=\"menu-item-23972\" class=\"menu-item menu-item-type-post_type menu-item-object-page menu-item-23972\"><a href=\"https:\/\/www.solucionesentelequia.com.mx\/en\/sistema-de-voceo\/\">Paging system<\/a><\/li>\n<\/ul>\n<\/li>\n<li id=\"menu-item-24130\" class=\"menu-item menu-item-type-post_type menu-item-object-page menu-item-24130\"><a href=\"https:\/\/www.solucionesentelequia.com.mx\/en\/presentaciones-y-catalogos\/\">Presentaciones y Cat\u00e1logos<\/a><\/li>\n<li id=\"menu-item-601\" class=\"menu-item menu-item-type-post_type menu-item-object-page menu-item-601\"><a href=\"https:\/\/www.solucionesentelequia.com.mx\/en\/competencias\/\">Competences<\/a><\/li>\n<li id=\"menu-item-864\" class=\"menu-item menu-item-type-post_type menu-item-object-page menu-item-864\"><a href=\"https:\/\/www.solucionesentelequia.com.mx\/en\/promociones\/\">PROMO<\/a><\/li>\n<\/ul><\/div><\/div>\t\t\t\t<\/div>\n\t\t\t\t<\/div>\n\t\t\t\t\t<\/div>\n\t\t<\/div>\n\t\t\t\t<div class=\"elementor-column elementor-col-66 elementor-top-column elementor-element elementor-element-425c874\" data-id=\"425c874\" data-element_type=\"column\" data-e-type=\"column\">\n\t\t\t<div class=\"elementor-widget-wrap elementor-element-populated\">\n\t\t\t\t\t\t<div class=\"elementor-element elementor-element-de5b72d elementor-widget elementor-widget-text-editor\" data-id=\"de5b72d\" data-element_type=\"widget\" data-e-type=\"widget\" data-widget_type=\"text-editor.default\">\n\t\t\t\t<div class=\"elementor-widget-container\">\n\t\t\t\t\t\t\t\t\t<p>All businesses require security in our data, records, as well as in our infrastructure and means of communication and services or systems of work. The losses that can be made by not having a safe contingency plan or systems that restore us in time our services losses can be disastrous. But we have solutions tailored to prevent all kinds of disasters in your equipment and systems.<\/p><p><strong>Our services consist of sale and installation:<\/strong><\/p><p style=\"padding-left: 40px;\"><em>Batteries and power regulators (UPS).<\/em><br \/><em>Alternative power generators with natural gas or LP.<\/em><br \/><em>Climate control systems for your site or rack.<\/em><br \/><em>Interconnection of circuits to alternate voltage networks.<\/em><br \/><em>Plans against disasters in writing.<\/em><br \/><em>Equipment sale.<\/em><br \/><em>Installation.<\/em><br \/><em>Maintenance<\/em><br \/><em>Spare parts.<\/em><\/p>\t\t\t\t\t\t\t\t<\/div>\n\t\t\t\t<\/div>\n\t\t\t\t<div class=\"elementor-element elementor-element-3e209f9 elementor-arrows-position-inside elementor-pagination-position-outside elementor-widget elementor-widget-image-carousel\" data-id=\"3e209f9\" data-element_type=\"widget\" data-e-type=\"widget\" data-settings=\"{&quot;slides_to_show&quot;:&quot;1&quot;,&quot;navigation&quot;:&quot;both&quot;,&quot;autoplay&quot;:&quot;yes&quot;,&quot;pause_on_hover&quot;:&quot;yes&quot;,&quot;pause_on_interaction&quot;:&quot;yes&quot;,&quot;autoplay_speed&quot;:5000,&quot;infinite&quot;:&quot;yes&quot;,&quot;effect&quot;:&quot;slide&quot;,&quot;speed&quot;:500}\" data-widget_type=\"image-carousel.default\">\n\t\t\t\t<div class=\"elementor-widget-container\">\n\t\t\t\t\t\t\t<div class=\"elementor-image-carousel-wrapper swiper\" role=\"region\" aria-roledescription=\"carousel\" aria-label=\"Image Carousel\" dir=\"ltr\" data-no-translation-aria-label=\"\">\n\t\t\t<div class=\"elementor-image-carousel swiper-wrapper\" aria-live=\"off\">\n\t\t\t\t\t\t\t\t<div class=\"swiper-slide\" role=\"group\" aria-roledescription=\"slide\" aria-label=\"1 of 4\" data-no-translation-aria-label=\"\"><figure class=\"swiper-slide-inner\"><img decoding=\"async\" class=\"swiper-slide-image\" src=\"https:\/\/www.solucionesentelequia.com.mx\/wp-content\/uploads\/elementor\/thumbs\/CP-APC-SMT1000-1-oun6vbpm2e6hai4eerdqtn1eu00ckushvz46rmb6o8.jpg\" alt=\"CP-APC-SMT1000-1\" \/><\/figure><\/div><div class=\"swiper-slide\" role=\"group\" aria-roledescription=\"slide\" aria-label=\"2 of 4\" data-no-translation-aria-label=\"\"><figure class=\"swiper-slide-inner\"><img decoding=\"async\" class=\"swiper-slide-image\" src=\"https:\/\/www.solucionesentelequia.com.mx\/wp-content\/uploads\/elementor\/thumbs\/da9e2be2-07d4-4d18-8d0b-15d75bf8b758._CR001464600_SX1464__-oun6vej4mwac9c0ayalmj4bsm5mg7y3owd2n7g705k.jpg\" alt=\"da9e2be2-07d4-4d18-8d0b-15d75bf8b758._CR0,0,1464,600_SX1464__\" \/><\/figure><\/div><div class=\"swiper-slide\" role=\"group\" aria-roledescription=\"slide\" aria-label=\"3 of 4\" data-no-translation-aria-label=\"\"><figure class=\"swiper-slide-inner\"><img decoding=\"async\" class=\"swiper-slide-image\" src=\"https:\/\/www.solucionesentelequia.com.mx\/wp-content\/uploads\/elementor\/thumbs\/no-break-ups--oun6vget0kcwwjxknbevo3upsxd6ncb5kmdm6047t4.jpg\" alt=\"no-break---ups-\" \/><\/figure><\/div><div class=\"swiper-slide\" role=\"group\" aria-roledescription=\"slide\" aria-label=\"4 of 4\" data-no-translation-aria-label=\"\"><figure class=\"swiper-slide-inner\"><img decoding=\"async\" class=\"swiper-slide-image\" src=\"https:\/\/www.solucionesentelequia.com.mx\/wp-content\/uploads\/elementor\/thumbs\/SPD_STOS-7RT357_FL_H_520x520-oun6vhcn7ee785w7htti8lm6eb8jv1evwr13na2tmw.jpg\" alt=\"SPD_STOS-7RT357_FL_H_520x520\" \/><\/figure><\/div>\t\t\t<\/div>\n\t\t\t\t\t\t\t\t\t\t\t\t<div class=\"elementor-swiper-button elementor-swiper-button-prev\" role=\"button\" tabindex=\"0\">\n\t\t\t\t\t\t<i aria-hidden=\"true\" class=\"eicon-chevron-left\"><\/i>\t\t\t\t\t<\/div>\n\t\t\t\t\t<div class=\"elementor-swiper-button elementor-swiper-button-next\" role=\"button\" tabindex=\"0\">\n\t\t\t\t\t\t<i aria-hidden=\"true\" class=\"eicon-chevron-right\"><\/i>\t\t\t\t\t<\/div>\n\t\t\t\t\n\t\t\t\t\t\t\t\t\t<div class=\"swiper-pagination\"><\/div>\n\t\t\t\t\t\t\t\t\t<\/div>\n\t\t\t\t\t\t<\/div>\n\t\t\t\t<\/div>\n\t\t\t\t\t<\/div>\n\t\t<\/div>\n\t\t\t\t\t<\/div>\n\t\t<\/section>\n\t\t\t\t<\/div>","protected":false},"excerpt":{"rendered":"<p>Todos los negocios requerimos seguridad en nuestros datos, registros, as\u00ed como en nuestra infraestructura y medios de comunicaci\u00f3n y servicios o sistemas de trabajo. Las p\u00e9rdidas que puede llegar a ser al no tener alg\u00fan plan de contigencia seguro o sistemas que nos restablezcan en tiempo nuestros servicios las p\u00e9rdidas [&hellip;]<\/p>","protected":false},"author":1,"featured_media":23918,"parent":0,"menu_order":0,"comment_status":"closed","ping_status":"closed","template":"","meta":{"footnotes":""},"class_list":["post-23889","page","type-page","status-publish","has-post-thumbnail","hentry"],"jetpack_sharing_enabled":true,"_links":{"self":[{"href":"https:\/\/www.solucionesentelequia.com.mx\/en\/wp-json\/wp\/v2\/pages\/23889","targetHints":{"allow":["GET"]}}],"collection":[{"href":"https:\/\/www.solucionesentelequia.com.mx\/en\/wp-json\/wp\/v2\/pages"}],"about":[{"href":"https:\/\/www.solucionesentelequia.com.mx\/en\/wp-json\/wp\/v2\/types\/page"}],"author":[{"embeddable":true,"href":"https:\/\/www.solucionesentelequia.com.mx\/en\/wp-json\/wp\/v2\/users\/1"}],"replies":[{"embeddable":true,"href":"https:\/\/www.solucionesentelequia.com.mx\/en\/wp-json\/wp\/v2\/comments?post=23889"}],"version-history":[{"count":9,"href":"https:\/\/www.solucionesentelequia.com.mx\/en\/wp-json\/wp\/v2\/pages\/23889\/revisions"}],"predecessor-version":[{"id":24062,"href":"https:\/\/www.solucionesentelequia.com.mx\/en\/wp-json\/wp\/v2\/pages\/23889\/revisions\/24062"}],"wp:featuredmedia":[{"embeddable":true,"href":"https:\/\/www.solucionesentelequia.com.mx\/en\/wp-json\/wp\/v2\/media\/23918"}],"wp:attachment":[{"href":"https:\/\/www.solucionesentelequia.com.mx\/en\/wp-json\/wp\/v2\/media?parent=23889"}],"curies":[{"name":"wp","href":"https:\/\/api.w.org\/{rel}","templated":true}]}}