{"id":23882,"date":"2020-09-01T21:00:13","date_gmt":"2020-09-01T21:00:13","guid":{"rendered":"https:\/\/www.solucionesentelequia.com.mx\/?page_id=23882"},"modified":"2020-09-23T14:46:17","modified_gmt":"2020-09-23T14:46:17","slug":"enlaces-empresariales","status":"publish","type":"page","link":"https:\/\/www.solucionesentelequia.com.mx\/en\/enlaces-empresariales\/","title":{"rendered":"Business links"},"content":{"rendered":"<div data-elementor-type=\"wp-page\" data-elementor-id=\"23882\" class=\"elementor elementor-23882\">\n\t\t\t\t\t\t<section class=\"elementor-section elementor-top-section elementor-element elementor-element-bb4ddd4 elementor-section-stretched elementor-section-boxed elementor-section-height-default elementor-section-height-default\" data-id=\"bb4ddd4\" data-element_type=\"section\" data-e-type=\"section\" data-settings=\"{&quot;stretch_section&quot;:&quot;section-stretched&quot;}\">\n\t\t\t\t\t\t<div class=\"elementor-container elementor-column-gap-default\">\n\t\t\t\t\t<div class=\"elementor-column elementor-col-33 elementor-top-column elementor-element elementor-element-b29fc8f elementor-hidden-phone\" data-id=\"b29fc8f\" data-element_type=\"column\" data-e-type=\"column\">\n\t\t\t<div class=\"elementor-widget-wrap elementor-element-populated\">\n\t\t\t\t\t\t<div class=\"elementor-element elementor-element-70b9d20 elementor-widget elementor-widget-sidebar\" data-id=\"70b9d20\" data-element_type=\"widget\" data-e-type=\"widget\" data-widget_type=\"sidebar.default\">\n\t\t\t\t<div class=\"elementor-widget-container\">\n\t\t\t\t\t<div id=\"nav_menu-2\" class=\"widget widget_nav_menu\"><div class=\"menu-menu-1-container\"><ul id=\"menu-menu-1\" class=\"menu\"><li id=\"menu-item-459\" class=\"menu-item menu-item-type-custom menu-item-object-custom menu-item-459\"><a href=\"https:\/\/www.solucionesentelequia.com.mx\/#inicio\">Home<\/a><\/li>\n<li id=\"menu-item-460\" class=\"menu-item menu-item-type-custom menu-item-object-custom menu-item-460\"><a href=\"https:\/\/www.solucionesentelequia.com.mx\/#nosotros\">About Us<\/a><\/li>\n<li id=\"menu-item-33\" class=\"menu-item menu-item-type-custom menu-item-object-custom menu-item-has-children menu-item-33\"><a href=\"https:\/\/www.solucionesentelequia.com.mx\/#servicios\">Our Services<\/a>\n<ul class=\"sub-menu\">\n\t<li id=\"menu-item-24008\" class=\"menu-item menu-item-type-post_type menu-item-object-page menu-item-24008\"><a href=\"https:\/\/www.solucionesentelequia.com.mx\/en\/cableado-estructurado\/\">Cable management<\/a><\/li>\n\t<li id=\"menu-item-23995\" class=\"menu-item menu-item-type-post_type menu-item-object-page menu-item-23995\"><a href=\"https:\/\/www.solucionesentelequia.com.mx\/en\/video-vigilancia\/\">Video surveillance<\/a><\/li>\n\t<li id=\"menu-item-23969\" class=\"menu-item menu-item-type-post_type menu-item-object-page menu-item-23969\"><a href=\"https:\/\/www.solucionesentelequia.com.mx\/en\/ingenieria-de-soporte\/\">Support engineering<\/a><\/li>\n\t<li id=\"menu-item-23965\" class=\"menu-item menu-item-type-post_type menu-item-object-page menu-item-23965\"><a href=\"https:\/\/www.solucionesentelequia.com.mx\/en\/control-de-acceso\/\">Access control<\/a><\/li>\n\t<li id=\"menu-item-23962\" class=\"menu-item menu-item-type-post_type menu-item-object-page menu-item-23962\"><a href=\"https:\/\/www.solucionesentelequia.com.mx\/en\/alarmas-contra-incendios\/\">Fire alarms<\/a><\/li>\n\t<li id=\"menu-item-23975\" class=\"menu-item menu-item-type-post_type menu-item-object-page menu-item-23975\"><a href=\"https:\/\/www.solucionesentelequia.com.mx\/en\/telefonia\/\">Telephone switches<\/a><\/li>\n\t<li id=\"menu-item-23967\" class=\"menu-item menu-item-type-post_type menu-item-object-page menu-item-23967\"><a href=\"https:\/\/www.solucionesentelequia.com.mx\/en\/enlaces-empresariales\/\">Business links<\/a><\/li>\n\t<li id=\"menu-item-23973\" class=\"menu-item menu-item-type-post_type menu-item-object-page menu-item-23973\"><a href=\"https:\/\/www.solucionesentelequia.com.mx\/en\/sistema-de-respaldo\/\">Backup system<\/a><\/li>\n\t<li id=\"menu-item-23971\" class=\"menu-item menu-item-type-post_type menu-item-object-page menu-item-23971\"><a href=\"https:\/\/www.solucionesentelequia.com.mx\/en\/respaldo-de-energia\/\">Energy backup<\/a><\/li>\n\t<li id=\"menu-item-23972\" class=\"menu-item menu-item-type-post_type menu-item-object-page menu-item-23972\"><a href=\"https:\/\/www.solucionesentelequia.com.mx\/en\/sistema-de-voceo\/\">Paging system<\/a><\/li>\n<\/ul>\n<\/li>\n<li id=\"menu-item-24130\" class=\"menu-item menu-item-type-post_type menu-item-object-page menu-item-24130\"><a href=\"https:\/\/www.solucionesentelequia.com.mx\/en\/presentaciones-y-catalogos\/\">Presentaciones y Cat\u00e1logos<\/a><\/li>\n<li id=\"menu-item-601\" class=\"menu-item menu-item-type-post_type menu-item-object-page menu-item-601\"><a href=\"https:\/\/www.solucionesentelequia.com.mx\/en\/competencias\/\">Competences<\/a><\/li>\n<li id=\"menu-item-864\" class=\"menu-item menu-item-type-post_type menu-item-object-page menu-item-864\"><a href=\"https:\/\/www.solucionesentelequia.com.mx\/en\/promociones\/\">PROMO<\/a><\/li>\n<\/ul><\/div><\/div>\t\t\t\t<\/div>\n\t\t\t\t<\/div>\n\t\t\t\t\t<\/div>\n\t\t<\/div>\n\t\t\t\t<div class=\"elementor-column elementor-col-66 elementor-top-column elementor-element elementor-element-e0c6f9d\" data-id=\"e0c6f9d\" data-element_type=\"column\" data-e-type=\"column\">\n\t\t\t<div class=\"elementor-widget-wrap elementor-element-populated\">\n\t\t\t\t\t\t<div class=\"elementor-element elementor-element-95ae978 elementor-widget elementor-widget-text-editor\" data-id=\"95ae978\" data-element_type=\"widget\" data-e-type=\"widget\" data-widget_type=\"text-editor.default\">\n\t\t\t\t<div class=\"elementor-widget-container\">\n\t\t\t\t\t\t\t\t\t<p>If you are considering connecting your computer and communications equipment to a central site from which you can manage them, link your dispersed communications centers in your geographic area or provide high-speed services to your desktop computers, we have experience in the design and implementation of fiber and cable infrastructure that will successfully meet all your voice, data and video demands.<\/p><p><strong>Networks<\/strong><\/p><p style=\"padding-left: 40px;\">LAN and WAN networks.<br \/>Wireless Local Networks (WIFI)<br \/>Wireless Metropolitan Networks.<br \/>Public Networks<br \/>Private Networks<br \/>International link networks.<br \/>Voltage Backup System.<br \/>Security control and administration.<br \/>LAN \/ WAN networks<\/p><p>Having an adequate infrastructure that allows the exchange of information inside and outside your company is an important factor that will allow you to explore new business opportunities.<\/p><p>We have the experience necessary to design, implement and manage any network infrastructure that is required by the company and the solution to provide digital link services by land or air, using providers such as Telmex by land and by air the facility that SCT gives us to use free channels.<\/p>\t\t\t\t\t\t\t\t<\/div>\n\t\t\t\t<\/div>\n\t\t\t\t<div class=\"elementor-element elementor-element-c833d9c elementor-arrows-position-inside elementor-pagination-position-outside elementor-widget elementor-widget-image-carousel\" data-id=\"c833d9c\" data-element_type=\"widget\" data-e-type=\"widget\" data-settings=\"{&quot;slides_to_show&quot;:&quot;1&quot;,&quot;navigation&quot;:&quot;both&quot;,&quot;autoplay&quot;:&quot;yes&quot;,&quot;pause_on_hover&quot;:&quot;yes&quot;,&quot;pause_on_interaction&quot;:&quot;yes&quot;,&quot;autoplay_speed&quot;:5000,&quot;infinite&quot;:&quot;yes&quot;,&quot;effect&quot;:&quot;slide&quot;,&quot;speed&quot;:500}\" data-widget_type=\"image-carousel.default\">\n\t\t\t\t<div class=\"elementor-widget-container\">\n\t\t\t\t\t\t\t<div class=\"elementor-image-carousel-wrapper swiper\" role=\"region\" aria-roledescription=\"carousel\" aria-label=\"Carrusel de im\u00e1genes\" dir=\"ltr\">\n\t\t\t<div class=\"elementor-image-carousel swiper-wrapper\" aria-live=\"off\">\n\t\t\t\t\t\t\t\t<div class=\"swiper-slide\" role=\"group\" aria-roledescription=\"slide\" aria-label=\"1 de 3\"><figure class=\"swiper-slide-inner\"><img decoding=\"async\" class=\"swiper-slide-image\" src=\"https:\/\/www.solucionesentelequia.com.mx\/wp-content\/uploads\/elementor\/thumbs\/enlaces-1-1-oun1o2b4ilsvdzg37o0j0ojhmu3gjvf8a5a4t6ws6w.jpg\" alt=\"enlaces-1\" \/><\/figure><\/div><div class=\"swiper-slide\" role=\"group\" aria-roledescription=\"slide\" aria-label=\"2 de 3\"><figure class=\"swiper-slide-inner\"><img decoding=\"async\" class=\"swiper-slide-image\" src=\"https:\/\/www.solucionesentelequia.com.mx\/wp-content\/uploads\/elementor\/thumbs\/enlaces-2-oun1o46sw9vg17dcwots5o2etlu6z9moyel3rqtzug.jpg\" alt=\"enlaces-2\" \/><\/figure><\/div><div class=\"swiper-slide\" role=\"group\" aria-roledescription=\"slide\" aria-label=\"3 de 3\"><figure class=\"swiper-slide-inner\"><img decoding=\"async\" class=\"swiper-slide-image\" src=\"https:\/\/www.solucionesentelequia.com.mx\/wp-content\/uploads\/elementor\/thumbs\/enlaces-3-oun1o54n33wqctbzr78eq5tvezpk6yqfaj8l90slo8.jpg\" alt=\"enlaces-3\" \/><\/figure><\/div>\t\t\t<\/div>\n\t\t\t\t\t\t\t\t\t\t\t\t<div class=\"elementor-swiper-button elementor-swiper-button-prev\" role=\"button\" tabindex=\"0\">\n\t\t\t\t\t\t<i aria-hidden=\"true\" class=\"eicon-chevron-left\"><\/i>\t\t\t\t\t<\/div>\n\t\t\t\t\t<div class=\"elementor-swiper-button elementor-swiper-button-next\" role=\"button\" tabindex=\"0\">\n\t\t\t\t\t\t<i aria-hidden=\"true\" class=\"eicon-chevron-right\"><\/i>\t\t\t\t\t<\/div>\n\t\t\t\t\n\t\t\t\t\t\t\t\t\t<div class=\"swiper-pagination\"><\/div>\n\t\t\t\t\t\t\t\t\t<\/div>\n\t\t\t\t\t\t<\/div>\n\t\t\t\t<\/div>\n\t\t\t\t\t<\/div>\n\t\t<\/div>\n\t\t\t\t\t<\/div>\n\t\t<\/section>\n\t\t\t\t<\/div>","protected":false},"excerpt":{"rendered":"<p>Si est\u00e1 considerando conectar sus equipos de c\u00f3mputo y de comunicaciones a un sitio central desde el cual pueda administrarlos, enlazar sus centros de comunicaciones dispersos en su \u00e1rea geogr\u00e1fica o suministrar servicios de alta velocidad a sus computadoras de escritorio, tenemos la experiencia en el dise\u00f1o e implementaci\u00f3n de [&hellip;]<\/p>","protected":false},"author":1,"featured_media":23902,"parent":0,"menu_order":0,"comment_status":"closed","ping_status":"closed","template":"","meta":{"footnotes":""},"class_list":["post-23882","page","type-page","status-publish","has-post-thumbnail","hentry"],"jetpack_sharing_enabled":true,"_links":{"self":[{"href":"https:\/\/www.solucionesentelequia.com.mx\/en\/wp-json\/wp\/v2\/pages\/23882","targetHints":{"allow":["GET"]}}],"collection":[{"href":"https:\/\/www.solucionesentelequia.com.mx\/en\/wp-json\/wp\/v2\/pages"}],"about":[{"href":"https:\/\/www.solucionesentelequia.com.mx\/en\/wp-json\/wp\/v2\/types\/page"}],"author":[{"embeddable":true,"href":"https:\/\/www.solucionesentelequia.com.mx\/en\/wp-json\/wp\/v2\/users\/1"}],"replies":[{"embeddable":true,"href":"https:\/\/www.solucionesentelequia.com.mx\/en\/wp-json\/wp\/v2\/comments?post=23882"}],"version-history":[{"count":8,"href":"https:\/\/www.solucionesentelequia.com.mx\/en\/wp-json\/wp\/v2\/pages\/23882\/revisions"}],"predecessor-version":[{"id":24068,"href":"https:\/\/www.solucionesentelequia.com.mx\/en\/wp-json\/wp\/v2\/pages\/23882\/revisions\/24068"}],"wp:featuredmedia":[{"embeddable":true,"href":"https:\/\/www.solucionesentelequia.com.mx\/en\/wp-json\/wp\/v2\/media\/23902"}],"wp:attachment":[{"href":"https:\/\/www.solucionesentelequia.com.mx\/en\/wp-json\/wp\/v2\/media?parent=23882"}],"curies":[{"name":"wp","href":"https:\/\/api.w.org\/{rel}","templated":true}]}}