{"id":23874,"date":"2020-09-01T20:56:46","date_gmt":"2020-09-01T20:56:46","guid":{"rendered":"https:\/\/www.solucionesentelequia.com.mx\/?page_id=23874"},"modified":"2021-05-12T18:36:30","modified_gmt":"2021-05-12T18:36:30","slug":"alarmas-contra-incendios","status":"publish","type":"page","link":"https:\/\/www.solucionesentelequia.com.mx\/en\/alarmas-contra-incendios\/","title":{"rendered":"Fire alarms"},"content":{"rendered":"<div data-elementor-type=\"wp-page\" data-elementor-id=\"23874\" class=\"elementor elementor-23874\">\n\t\t\t\t\t\t<section class=\"elementor-section elementor-top-section elementor-element elementor-element-7d517f9 elementor-section-stretched elementor-section-boxed elementor-section-height-default elementor-section-height-default\" data-id=\"7d517f9\" data-element_type=\"section\" data-e-type=\"section\" data-settings=\"{&quot;stretch_section&quot;:&quot;section-stretched&quot;}\">\n\t\t\t\t\t\t<div class=\"elementor-container elementor-column-gap-default\">\n\t\t\t\t\t<div class=\"elementor-column elementor-col-33 elementor-top-column elementor-element elementor-element-d061135 elementor-hidden-phone\" data-id=\"d061135\" data-element_type=\"column\" data-e-type=\"column\">\n\t\t\t<div class=\"elementor-widget-wrap elementor-element-populated\">\n\t\t\t\t\t\t<div class=\"elementor-element elementor-element-a3c0bff elementor-widget elementor-widget-sidebar\" data-id=\"a3c0bff\" data-element_type=\"widget\" data-e-type=\"widget\" data-widget_type=\"sidebar.default\">\n\t\t\t\t<div class=\"elementor-widget-container\">\n\t\t\t\t\t<div id=\"nav_menu-2\" class=\"widget widget_nav_menu\"><div class=\"menu-menu-1-container\"><ul id=\"menu-menu-1\" class=\"menu\"><li id=\"menu-item-459\" class=\"menu-item menu-item-type-custom menu-item-object-custom menu-item-459\"><a href=\"https:\/\/www.solucionesentelequia.com.mx\/#inicio\">Home<\/a><\/li>\n<li id=\"menu-item-460\" class=\"menu-item menu-item-type-custom menu-item-object-custom menu-item-460\"><a href=\"https:\/\/www.solucionesentelequia.com.mx\/#nosotros\">About Us<\/a><\/li>\n<li id=\"menu-item-33\" class=\"menu-item menu-item-type-custom menu-item-object-custom menu-item-has-children menu-item-33\"><a href=\"https:\/\/www.solucionesentelequia.com.mx\/#servicios\">Our Services<\/a>\n<ul class=\"sub-menu\">\n\t<li id=\"menu-item-24008\" class=\"menu-item menu-item-type-post_type menu-item-object-page menu-item-24008\"><a href=\"https:\/\/www.solucionesentelequia.com.mx\/en\/cableado-estructurado\/\">Cable management<\/a><\/li>\n\t<li id=\"menu-item-23995\" class=\"menu-item menu-item-type-post_type menu-item-object-page menu-item-23995\"><a href=\"https:\/\/www.solucionesentelequia.com.mx\/en\/video-vigilancia\/\">Video surveillance<\/a><\/li>\n\t<li id=\"menu-item-23969\" class=\"menu-item menu-item-type-post_type menu-item-object-page menu-item-23969\"><a href=\"https:\/\/www.solucionesentelequia.com.mx\/en\/ingenieria-de-soporte\/\">Support engineering<\/a><\/li>\n\t<li id=\"menu-item-23965\" class=\"menu-item menu-item-type-post_type menu-item-object-page menu-item-23965\"><a href=\"https:\/\/www.solucionesentelequia.com.mx\/en\/control-de-acceso\/\">Access control<\/a><\/li>\n\t<li id=\"menu-item-23962\" class=\"menu-item menu-item-type-post_type menu-item-object-page menu-item-23962\"><a href=\"https:\/\/www.solucionesentelequia.com.mx\/en\/alarmas-contra-incendios\/\">Fire alarms<\/a><\/li>\n\t<li id=\"menu-item-23975\" class=\"menu-item menu-item-type-post_type menu-item-object-page menu-item-23975\"><a href=\"https:\/\/www.solucionesentelequia.com.mx\/en\/telefonia\/\">Telephone switches<\/a><\/li>\n\t<li id=\"menu-item-23967\" class=\"menu-item menu-item-type-post_type menu-item-object-page menu-item-23967\"><a href=\"https:\/\/www.solucionesentelequia.com.mx\/en\/enlaces-empresariales\/\">Business links<\/a><\/li>\n\t<li id=\"menu-item-23973\" class=\"menu-item menu-item-type-post_type menu-item-object-page menu-item-23973\"><a href=\"https:\/\/www.solucionesentelequia.com.mx\/en\/sistema-de-respaldo\/\">Backup system<\/a><\/li>\n\t<li id=\"menu-item-23971\" class=\"menu-item menu-item-type-post_type menu-item-object-page menu-item-23971\"><a href=\"https:\/\/www.solucionesentelequia.com.mx\/en\/respaldo-de-energia\/\">Energy backup<\/a><\/li>\n\t<li id=\"menu-item-23972\" class=\"menu-item menu-item-type-post_type menu-item-object-page menu-item-23972\"><a href=\"https:\/\/www.solucionesentelequia.com.mx\/en\/sistema-de-voceo\/\">Paging system<\/a><\/li>\n<\/ul>\n<\/li>\n<li id=\"menu-item-24130\" class=\"menu-item menu-item-type-post_type menu-item-object-page menu-item-24130\"><a href=\"https:\/\/www.solucionesentelequia.com.mx\/en\/presentaciones-y-catalogos\/\">Presentaciones y Cat\u00e1logos<\/a><\/li>\n<li id=\"menu-item-601\" class=\"menu-item menu-item-type-post_type menu-item-object-page menu-item-601\"><a href=\"https:\/\/www.solucionesentelequia.com.mx\/en\/competencias\/\">Competences<\/a><\/li>\n<li id=\"menu-item-864\" class=\"menu-item menu-item-type-post_type menu-item-object-page menu-item-864\"><a href=\"https:\/\/www.solucionesentelequia.com.mx\/en\/promociones\/\">PROMO<\/a><\/li>\n<\/ul><\/div><\/div>\t\t\t\t<\/div>\n\t\t\t\t<\/div>\n\t\t\t\t\t<\/div>\n\t\t<\/div>\n\t\t\t\t<div class=\"elementor-column elementor-col-66 elementor-top-column elementor-element elementor-element-bd754c2\" data-id=\"bd754c2\" data-element_type=\"column\" data-e-type=\"column\">\n\t\t\t<div class=\"elementor-widget-wrap elementor-element-populated\">\n\t\t\t\t\t\t<div class=\"elementor-element elementor-element-1b3c015 elementor-widget elementor-widget-text-editor\" data-id=\"1b3c015\" data-element_type=\"widget\" data-e-type=\"widget\" data-widget_type=\"text-editor.default\">\n\t\t\t\t<div class=\"elementor-widget-container\">\n\t\t\t\t\t\t\t\t\t<p>Fire systems allow you to be aware of incidents that could cause a fire or explosion.<\/p><p>The consequences of a fire can range from a simple \"scare\" to the loss of an organization or company.<\/p><p>This type of system allows you to insure your installations and personnel by having the possibility of detecting a fire.<\/p><p>We guarantee and provide all the equipment to have the best fire detection system, at the best market price.<\/p><p>Systems tailored to your needs and the size of your growth.<\/p>\t\t\t\t\t\t\t\t<\/div>\n\t\t\t\t<\/div>\n\t\t\t\t<div class=\"elementor-element elementor-element-ee9fae0 elementor-widget elementor-widget-image\" data-id=\"ee9fae0\" data-element_type=\"widget\" data-e-type=\"widget\" data-widget_type=\"image.default\">\n\t\t\t\t<div class=\"elementor-widget-container\">\n\t\t\t\t\t\t\t\t\t\t\t\t\t\t\t<img fetchpriority=\"high\" decoding=\"async\" width=\"800\" height=\"684\" src=\"https:\/\/www.solucionesentelequia.com.mx\/wp-content\/uploads\/2020\/08\/sistema-contra-incendios.png\" class=\"attachment-full size-full wp-image-23921\" alt=\"\" srcset=\"https:\/\/www.solucionesentelequia.com.mx\/wp-content\/uploads\/2020\/08\/sistema-contra-incendios.png 800w, https:\/\/www.solucionesentelequia.com.mx\/wp-content\/uploads\/2020\/08\/sistema-contra-incendios-300x257.png 300w, https:\/\/www.solucionesentelequia.com.mx\/wp-content\/uploads\/2020\/08\/sistema-contra-incendios-768x657.png 768w\" sizes=\"(max-width: 800px) 100vw, 800px\" \/>\t\t\t\t\t\t\t\t\t\t\t\t\t\t\t<\/div>\n\t\t\t\t<\/div>\n\t\t\t\t\t<\/div>\n\t\t<\/div>\n\t\t\t\t\t<\/div>\n\t\t<\/section>\n\t\t\t\t<\/div>","protected":false},"excerpt":{"rendered":"<p>Los sistemas contra incendios le permiten estar al tanto de incidentes que podr\u00edan causar alg\u00fan incendio o explosi\u00f3n. Las consecuencias de un incendio pueden ir desde un simple \u201csusto\u201d hasta la p\u00e9rdida de una organizaci\u00f3n o empresa. Este tipo de sistema le permite asegurar sus instalaciones y personal al tener [&hellip;]<\/p>","protected":false},"author":1,"featured_media":24096,"parent":0,"menu_order":0,"comment_status":"closed","ping_status":"closed","template":"","meta":{"footnotes":""},"class_list":["post-23874","page","type-page","status-publish","has-post-thumbnail","hentry"],"jetpack_sharing_enabled":true,"_links":{"self":[{"href":"https:\/\/www.solucionesentelequia.com.mx\/en\/wp-json\/wp\/v2\/pages\/23874","targetHints":{"allow":["GET"]}}],"collection":[{"href":"https:\/\/www.solucionesentelequia.com.mx\/en\/wp-json\/wp\/v2\/pages"}],"about":[{"href":"https:\/\/www.solucionesentelequia.com.mx\/en\/wp-json\/wp\/v2\/types\/page"}],"author":[{"embeddable":true,"href":"https:\/\/www.solucionesentelequia.com.mx\/en\/wp-json\/wp\/v2\/users\/1"}],"replies":[{"embeddable":true,"href":"https:\/\/www.solucionesentelequia.com.mx\/en\/wp-json\/wp\/v2\/comments?post=23874"}],"version-history":[{"count":10,"href":"https:\/\/www.solucionesentelequia.com.mx\/en\/wp-json\/wp\/v2\/pages\/23874\/revisions"}],"predecessor-version":[{"id":24072,"href":"https:\/\/www.solucionesentelequia.com.mx\/en\/wp-json\/wp\/v2\/pages\/23874\/revisions\/24072"}],"wp:featuredmedia":[{"embeddable":true,"href":"https:\/\/www.solucionesentelequia.com.mx\/en\/wp-json\/wp\/v2\/media\/24096"}],"wp:attachment":[{"href":"https:\/\/www.solucionesentelequia.com.mx\/en\/wp-json\/wp\/v2\/media?parent=23874"}],"curies":[{"name":"wp","href":"https:\/\/api.w.org\/{rel}","templated":true}]}}